{"id":1113,"date":"2020-05-30T17:38:41","date_gmt":"2020-05-30T17:38:41","guid":{"rendered":"https:\/\/rinceoiri.cz\/?page_id=1113"},"modified":"2025-10-14T20:50:12","modified_gmt":"2025-10-14T20:50:12","slug":"rozvrh","status":"publish","type":"page","link":"https:\/\/www.rinceoiri.cz\/en\/rozvrh\/","title":{"rendered":"Schedule"},"content":{"rendered":"<div data-elementor-type=\"wp-page\" data-elementor-id=\"1113\" class=\"elementor elementor-1113\" data-elementor-settings=\"[]\">\n\t\t\t<div class=\"elementor-inner\">\n\t\t\t\t<div class=\"elementor-section-wrap\">\n\t\t\t\t\t\t\t<section class=\"elementor-element elementor-element-6e90cd10 elementor-section-height-min-height elementor-section-full_width elementor-section-height-default elementor-section-items-middle elementor-section elementor-top-section\" data-id=\"6e90cd10\" data-element_type=\"section\" data-settings=\"{&quot;background_background&quot;:&quot;gradient&quot;,&quot;shape_divider_bottom&quot;:&quot;waves&quot;}\">\n\t\t\t\t\t\t\t<div class=\"elementor-background-overlay\"><\/div>\n\t\t\t\t\t\t<div class=\"elementor-shape elementor-shape-bottom\" data-negative=\"false\">\n\t\t\t<svg xmlns=\"http:\/\/www.w3.org\/2000\/svg\" viewbox=\"0 0 1000 100\" preserveaspectratio=\"none\">\n\t<path class=\"elementor-shape-fill\" d=\"M421.9,6.5c22.6-2.5,51.5,0.4,75.5,5.3c23.6,4.9,70.9,23.5,100.5,35.7c75.8,32.2,133.7,44.5,192.6,49.7\tc23.6,2.1,48.7,3.5,103.4-2.5c54.7-6,106.2-25.6,106.2-25.6V0H0v30.3c0,0,72,32.6,158.4,30.5c39.2-0.7,92.8-6.7,134-22.4\tc21.2-8.1,52.2-18.2,79.7-24.2C399.3,7.9,411.6,7.5,421.9,6.5z\"\/>\n<\/svg>\t\t<\/div>\n\t\t\t\t\t<div class=\"elementor-container elementor-column-gap-default\">\n\t\t\t\t<div class=\"elementor-row\">\n\t\t\t\t<div class=\"elementor-element elementor-element-4119857d elementor-column elementor-col-100 elementor-top-column\" data-id=\"4119857d\" data-element_type=\"column\">\n\t\t\t<div class=\"elementor-column-wrap  elementor-element-populated\">\n\t\t\t\t\t<div class=\"elementor-widget-wrap\">\n\t\t\t\t\t\t<\/div>\n\t\t\t<\/div>\n\t\t<\/div>\n\t\t\t\t\t\t<\/div>\n\t\t\t<\/div>\n\t\t<\/section>\n\t\t\t\t<section class=\"elementor-element elementor-element-b526ac4 elementor-section-boxed elementor-section-height-default elementor-section-height-default elementor-section elementor-top-section\" data-id=\"b526ac4\" data-element_type=\"section\">\n\t\t\t\t\t\t<div class=\"elementor-container elementor-column-gap-default\">\n\t\t\t\t<div class=\"elementor-row\">\n\t\t\t\t<div class=\"elementor-element elementor-element-08d8280 elementor-column elementor-col-100 elementor-top-column\" data-id=\"08d8280\" data-element_type=\"column\">\n\t\t\t<div class=\"elementor-column-wrap  elementor-element-populated\">\n\t\t\t\t\t<div class=\"elementor-widget-wrap\">\n\t\t\t\t<div class=\"elementor-element elementor-element-5bc3a68 elementor-widget elementor-widget-heading\" data-id=\"5bc3a68\" data-element_type=\"widget\" data-widget_type=\"heading.default\">\n\t\t\t\t<div class=\"elementor-widget-container\">\n\t\t\t<h2 class=\"elementor-heading-title elementor-size-default\">Children<\/h2>\t\t<\/div>\n\t\t\t\t<\/div>\n\t\t\t\t\t\t<\/div>\n\t\t\t<\/div>\n\t\t<\/div>\n\t\t\t\t\t\t<\/div>\n\t\t\t<\/div>\n\t\t<\/section>\n\t\t\t\t<section class=\"elementor-element elementor-element-5cb3d93 elementor-section-boxed elementor-section-height-default elementor-section-height-default elementor-section elementor-top-section\" data-id=\"5cb3d93\" data-element_type=\"section\">\n\t\t\t\t\t\t<div class=\"elementor-container elementor-column-gap-default\">\n\t\t\t\t<div class=\"elementor-row\">\n\t\t\t\t<div class=\"elementor-element elementor-element-f7d9443 elementor-column elementor-col-100 elementor-top-column\" data-id=\"f7d9443\" data-element_type=\"column\">\n\t\t\t<div class=\"elementor-column-wrap  elementor-element-populated\">\n\t\t\t\t\t<div class=\"elementor-widget-wrap\">\n\t\t\t\t<div class=\"elementor-element elementor-element-cc8574c elementor-widget elementor-widget-text-editor\" data-id=\"cc8574c\" data-element_type=\"widget\" data-widget_type=\"text-editor.default\">\n\t\t\t\t<div class=\"elementor-widget-container\">\n\t\t\t\t\t<div class=\"elementor-text-editor elementor-clearfix\"><table style=\"height: 115px;\" width=\"771\"><tbody><tr><td width=\"86\"><span style=\"color: #000000;\"><b>Day<\/b><\/span><\/td><td width=\"66\"><span style=\"color: #000000;\"><b>Time<\/b><\/span><\/td><td width=\"120\"><span style=\"color: #000000;\"><b>Course name<\/b><\/span><\/td><td width=\"142\"><span style=\"color: #000000;\"><b>Level<\/b><\/span><\/td><td width=\"139\"><span style=\"color: #000000;\"><b>Teacher<\/b><\/span><\/td><td width=\"221\"><span style=\"color: #000000;\"><b>Place<\/b><\/span><\/td><\/tr><tr><td width=\"86\"><span style=\"color: #000000;\">Monday<\/span><\/td><td width=\"66\">17:00-18:00<\/td><td width=\"120\"><span style=\"color: #000000;\">D\u011bti Nusle<\/span><\/td><td width=\"142\">za\u010d\u00e1te\u010dn\u00edci soft shoes<\/td><td width=\"139\"><p>Nat\u00e1lie Mlejnsk\u00e1<\/p><\/td><td width=\"221\"><span style=\"color: #000000;\">Z\u0160 T\u00e1borsk\u00e1 45, P4<\/span><\/td><\/tr><tr><td width=\"86\"><span style=\"color: #000000;\">Thursday<\/span><\/td><td width=\"66\">17:00-18:00<\/td><td width=\"120\"><span style=\"color: #000000;\">D\u011bti Vr\u0161ovice<\/span><\/td><td width=\"142\">beginner and advanced beginner soft shoes<\/td><td width=\"139\">Anna Nedv\u011bdov\u00e1 + Nat\u00e1lie Jaro\u0161ov\u00e1<\/td><td width=\"221\"><span style=\"color: #000000;\">Hotelov\u00e1 \u0161kola, Vr\u0161ovick\u00e1 43, P10<\/span><\/td><\/tr><tr><td width=\"86\"><span style=\"color: #000000;\">Thursday<\/span><\/td><td width=\"66\">18:00-18:30<\/td><td width=\"120\"><span style=\"color: #000000;\">D\u011bti Vr\u0161ovice step<\/span><\/td><td width=\"142\">za\u010d\u00e1te\u010dn\u00edci a m\u00edrn\u011b pokro\u010dil\u00ed hard shoes<\/td><td width=\"139\">Anna Nedv\u011bdov\u00e1 + Nat\u00e1lie Jaro\u0161ov\u00e1<\/td><td width=\"221\"><span style=\"color: #000000;\">Hotelov\u00e1 \u0161kola, Vr\u0161ovick\u00e1 43, P10<\/span><\/td><\/tr><\/tbody><\/table><\/div>\n\t\t\t\t<\/div>\n\t\t\t\t<\/div>\n\t\t\t\t\t\t<\/div>\n\t\t\t<\/div>\n\t\t<\/div>\n\t\t\t\t\t\t<\/div>\n\t\t\t<\/div>\n\t\t<\/section>\n\t\t\t\t<section class=\"elementor-element elementor-element-4f1cec4 elementor-section-boxed elementor-section-height-default elementor-section-height-default elementor-section elementor-top-section\" data-id=\"4f1cec4\" data-element_type=\"section\">\n\t\t\t\t\t\t<div class=\"elementor-container elementor-column-gap-default\">\n\t\t\t\t<div class=\"elementor-row\">\n\t\t\t\t<div class=\"elementor-element elementor-element-54da405 elementor-column elementor-col-100 elementor-top-column\" data-id=\"54da405\" data-element_type=\"column\">\n\t\t\t<div class=\"elementor-column-wrap  elementor-element-populated\">\n\t\t\t\t\t<div class=\"elementor-widget-wrap\">\n\t\t\t\t<div class=\"elementor-element elementor-element-b3043f5 elementor-widget elementor-widget-heading\" data-id=\"b3043f5\" data-element_type=\"widget\" data-widget_type=\"heading.default\">\n\t\t\t\t<div class=\"elementor-widget-container\">\n\t\t\t<h2 class=\"elementor-heading-title elementor-size-default\">Adults<\/h2>\t\t<\/div>\n\t\t\t\t<\/div>\n\t\t\t\t\t\t<\/div>\n\t\t\t<\/div>\n\t\t<\/div>\n\t\t\t\t\t\t<\/div>\n\t\t\t<\/div>\n\t\t<\/section>\n\t\t\t\t<section class=\"elementor-element elementor-element-fa8233c elementor-section-boxed elementor-section-height-default elementor-section-height-default elementor-section elementor-top-section\" data-id=\"fa8233c\" data-element_type=\"section\">\n\t\t\t\t\t\t<div class=\"elementor-container elementor-column-gap-default\">\n\t\t\t\t<div class=\"elementor-row\">\n\t\t\t\t<div class=\"elementor-element elementor-element-51125e0 elementor-column elementor-col-100 elementor-top-column\" data-id=\"51125e0\" data-element_type=\"column\">\n\t\t\t<div class=\"elementor-column-wrap  elementor-element-populated\">\n\t\t\t\t\t<div class=\"elementor-widget-wrap\">\n\t\t\t\t<div class=\"elementor-element elementor-element-4e9a0fc elementor-widget elementor-widget-text-editor\" data-id=\"4e9a0fc\" data-element_type=\"widget\" data-widget_type=\"text-editor.default\">\n\t\t\t\t<div class=\"elementor-widget-container\">\n\t\t\t\t\t<div class=\"elementor-text-editor elementor-clearfix\"><table width=\"761\"><tbody><tr><td width=\"73\"><strong><span style=\"color: #000000;\">Day<\/span><\/strong><\/td><td width=\"66\"><strong><span style=\"color: #000000;\">Time<\/span><\/strong><\/td><td width=\"120\"><strong><span style=\"color: #000000;\">Course name<\/span><\/strong><\/td><td width=\"142\"><strong><span style=\"color: #000000;\">Level<\/span><\/strong><\/td><td width=\"139\"><strong><span style=\"color: #000000;\">Teacher<\/span><\/strong><\/td><td width=\"221\"><strong><span style=\"color: #000000;\">Place<\/span><\/strong><\/td><\/tr><tr><td width=\"73\"><span style=\"color: #000000;\">Tuesday<\/span><\/td><td width=\"66\"><span style=\"color: #000000;\">17:15-18:45<\/span><\/td><td width=\"120\"><span style=\"color: #000000;\">Za\u010d\u00e1te\u010dn\u00edci, m\u00edrn\u011b pokro\u010dil\u00ed hard shoes<\/span><\/td><td width=\"142\"><span style=\"color: #000000;\">Beginners, Beginners\/Primary<\/span><\/td><td width=\"139\"><span style=\"color: #000000;\">Blanka Navr\u00e1tilov\u00e1 + Marie Gavl\u00e1kov\u00e1<\/span><\/td><td width=\"221\"><span style=\"color: #000000;\">Z\u0160 T\u00e1borsk\u00e1 45, P4<\/span><\/td><\/tr><tr><td width=\"73\"><span style=\"color: #000000;\">Tuesday<\/span><\/td><td width=\"66\"><span style=\"color: #000000;\">18:45-20:15<\/span><\/td><td width=\"120\"><span style=\"color: #000000;\">Pokro\u010dil\u00ed soft shoes\/hard shoes 1<\/span><\/td><td width=\"142\"><span style=\"color: #000000;\">Intermediate\/Open<\/span><\/td><td width=\"139\"><span style=\"color: #000000;\">Michaela Urb\u00e1nkov\u00e1\/Marie Gavl\u00e1kov\u00e1<\/span><\/td><td width=\"221\"><span style=\"color: #000000;\">Z\u0160 T\u00e1borsk\u00e1 45, P4<\/span><\/td><\/tr><tr><td width=\"73\">\u00a0<\/td><td width=\"66\">\u00a0<\/td><td width=\"120\">\u00a0<\/td><td width=\"142\">\u00a0<\/td><td width=\"139\">\u00a0<\/td><td width=\"221\">\u00a0<\/td><\/tr><tr><td width=\"73\"><span style=\"color: #000000;\">Wednesday<\/span><\/td><td width=\"66\"><span style=\"color: #000000;\">18:30-20:30<\/span><\/td><td width=\"120\"><span style=\"color: #000000;\">Pokro\u010dil\u00ed soft shoes\/hard shoes 2<\/span><\/td><td width=\"142\"><span style=\"color: #000000;\">Intermediate\/Open<\/span><\/td><td width=\"139\"><span style=\"color: #000000;\">Veronika \u010celikovsk\u00e1\/Julie Hrub\u00e1<\/span><\/td><td width=\"221\"><span style=\"color: #000000;\">Z\u0160 T\u00e1borsk\u00e1 45, P4<\/span><\/td><\/tr><tr><td width=\"73\"><span style=\"color: #000000;\">Thursday<\/span><\/td><td width=\"66\"><span style=\"color: #000000;\">18:00-19:30<\/span><\/td><td width=\"120\"><span style=\"color: #000000;\">M\u00edrn\u011b pokro\u010dil\u00ed soft shoes<\/span><\/td><td width=\"142\"><span style=\"color: #000000;\">Beginners\/Primary<\/span><\/td><td width=\"139\"><span style=\"color: #000000;\">Blanka Navr\u00e1tilov\u00e1 + Johana Anto\u0148ov\u00e1<\/span><\/td><td width=\"221\"><span style=\"color: #000000;\">Z\u0160 T\u00e1borsk\u00e1 45, P4<\/span><\/td><\/tr><\/tbody><\/table><\/div>\n\t\t\t\t<\/div>\n\t\t\t\t<\/div>\n\t\t\t\t\t\t<\/div>\n\t\t\t<\/div>\n\t\t<\/div>\n\t\t\t\t\t\t<\/div>\n\t\t\t<\/div>\n\t\t<\/section>\n\t\t\t\t<section class=\"elementor-element elementor-element-e898e7e elementor-section-boxed elementor-section-height-default elementor-section-height-default elementor-section elementor-top-section\" data-id=\"e898e7e\" data-element_type=\"section\">\n\t\t\t\t\t\t<div class=\"elementor-container elementor-column-gap-default\">\n\t\t\t\t<div class=\"elementor-row\">\n\t\t\t\t<div class=\"elementor-element elementor-element-4054c37 elementor-column elementor-col-100 elementor-top-column\" data-id=\"4054c37\" data-element_type=\"column\">\n\t\t\t<div class=\"elementor-column-wrap  elementor-element-populated\">\n\t\t\t\t\t<div class=\"elementor-widget-wrap\">\n\t\t\t\t<div class=\"elementor-element elementor-element-0570d75 elementor-widget elementor-widget-text-editor\" data-id=\"0570d75\" data-element_type=\"widget\" data-widget_type=\"text-editor.default\">\n\t\t\t\t<div class=\"elementor-widget-container\">\n\t\t\t\t\t<div class=\"elementor-text-editor elementor-clearfix\"><h3 style=\"text-align: center;\">Nab\u00edz\u00edme i <b>za\u010d\u00e1te\u010dnick\u00e9 kurzy pro dosp\u011bl\u00e9<\/b> ka\u017edou <b>st\u0159edu<\/b> od <b>17:30-18:30<\/b> pokud bude napln\u011bna minim\u00e1ln\u00ed kapacita. V p\u0159\u00edpad\u011b z\u00e1jmu o za\u010d\u00e1te\u010dnick\u00fd kurz dosp\u011bl\u00fdch n\u00e1s kontaktujte prost\u0159ednictv\u00edm e-mailu. D\u011bkujeme<\/h3><\/div>\n\t\t\t\t<\/div>\n\t\t\t\t<\/div>\n\t\t\t\t\t\t<\/div>\n\t\t\t<\/div>\n\t\t<\/div>\n\t\t\t\t\t\t<\/div>\n\t\t\t<\/div>\n\t\t<\/section>\n\t\t\t\t\t\t<\/div>\n\t\t\t<\/div>\n\t\t<\/div>","protected":false},"excerpt":{"rendered":"<p>D\u011bti Den Hodina Kurz \u00darove\u0148 Lektor M\u00edsto Pond\u011bl\u00ed 17:00-18:00 D\u011bti Nusle za\u010d\u00e1te\u010dn\u00edci soft shoes Nat\u00e1lie Mlejnsk\u00e1 Z\u0160 T\u00e1borsk\u00e1 45, P4 \u010ctvrtek 17:00-18:00 D\u011bti Vr\u0161ovice za\u010d\u00e1te\u010dn\u00edci a m\u00edrn\u011b pokro\u010dil\u00ed soft shoes Anna Nedv\u011bdov\u00e1 + Nat\u00e1lie Jaro\u0161ov\u00e1 Hotelov\u00e1 \u0161kola, Vr\u0161ovick\u00e1 43, P10 \u010ctvrtek 18:00-18:30 D\u011bti Vr\u0161ovice step za\u010d\u00e1te\u010dn\u00edci a m\u00edrn\u011b pokro\u010dil\u00ed hard shoes Anna Nedv\u011bdov\u00e1 + Nat\u00e1lie [&hellip;]<\/p>","protected":false},"author":1,"featured_media":0,"parent":0,"menu_order":0,"comment_status":"closed","ping_status":"closed","template":"elementor_header_footer","meta":[],"yoast_head":"<!-- This site is optimized with the Yoast SEO plugin v19.6 - https:\/\/yoast.com\/wordpress\/plugins\/seo\/ -->\n<title>Rozvrh - Rinceoir\u00ed - klub irsk\u00fdch tanc\u016f<\/title>\n<meta name=\"robots\" content=\"index, follow, max-snippet:-1, max-image-preview:large, max-video-preview:-1\" \/>\n<link rel=\"canonical\" href=\"https:\/\/www.rinceoiri.cz\/en\/rozvrh\/\" \/>\n<meta property=\"og:locale\" content=\"en_GB\" \/>\n<meta property=\"og:type\" content=\"article\" \/>\n<meta property=\"og:title\" content=\"Rozvrh - Rinceoir\u00ed - klub irsk\u00fdch tanc\u016f\" \/>\n<meta property=\"og:description\" content=\"D\u011bti Den Hodina Kurz \u00darove\u0148 Lektor M\u00edsto Pond\u011bl\u00ed 17:00-18:00 D\u011bti Nusle za\u010d\u00e1te\u010dn\u00edci soft shoes Nat\u00e1lie Mlejnsk\u00e1 Z\u0160 T\u00e1borsk\u00e1 45, P4 \u010ctvrtek 17:00-18:00 D\u011bti Vr\u0161ovice za\u010d\u00e1te\u010dn\u00edci a m\u00edrn\u011b pokro\u010dil\u00ed soft shoes Anna Nedv\u011bdov\u00e1 + Nat\u00e1lie Jaro\u0161ov\u00e1 Hotelov\u00e1 \u0161kola, Vr\u0161ovick\u00e1 43, P10 \u010ctvrtek 18:00-18:30 D\u011bti Vr\u0161ovice step za\u010d\u00e1te\u010dn\u00edci a m\u00edrn\u011b pokro\u010dil\u00ed hard shoes Anna Nedv\u011bdov\u00e1 + Nat\u00e1lie [&hellip;]\" \/>\n<meta property=\"og:url\" content=\"https:\/\/www.rinceoiri.cz\/en\/rozvrh\/\" \/>\n<meta property=\"og:site_name\" content=\"Rinceoir\u00ed - klub irsk\u00fdch tanc\u016f\" \/>\n<meta property=\"article:publisher\" content=\"https:\/\/www.facebook.com\/rinceoiri\/\" \/>\n<meta property=\"article:modified_time\" content=\"2025-10-14T20:50:12+00:00\" \/>\n<meta name=\"twitter:card\" content=\"summary_large_image\" \/>\n<meta name=\"twitter:label1\" content=\"Estimated reading time\" \/>\n\t<meta name=\"twitter:data1\" content=\"1 minute\" \/>\n<script type=\"application\/ld+json\" class=\"yoast-schema-graph\">{\"@context\":\"https:\/\/schema.org\",\"@graph\":[{\"@type\":\"WebPage\",\"@id\":\"https:\/\/www.rinceoiri.cz\/rozvrh\/\",\"url\":\"https:\/\/www.rinceoiri.cz\/rozvrh\/\",\"name\":\"Rozvrh - Rinceoir\u00ed - klub irsk\u00fdch tanc\u016f\",\"isPartOf\":{\"@id\":\"https:\/\/www.rinceoiri.cz\/#website\"},\"datePublished\":\"2020-05-30T17:38:41+00:00\",\"dateModified\":\"2025-10-14T20:50:12+00:00\",\"breadcrumb\":{\"@id\":\"https:\/\/www.rinceoiri.cz\/rozvrh\/#breadcrumb\"},\"inLanguage\":\"en-GB\",\"potentialAction\":[{\"@type\":\"ReadAction\",\"target\":[\"https:\/\/www.rinceoiri.cz\/rozvrh\/\"]}]},{\"@type\":\"BreadcrumbList\",\"@id\":\"https:\/\/www.rinceoiri.cz\/rozvrh\/#breadcrumb\",\"itemListElement\":[{\"@type\":\"ListItem\",\"position\":1,\"name\":\"Dom\u016f\",\"item\":\"https:\/\/www.rinceoiri.cz\/\"},{\"@type\":\"ListItem\",\"position\":2,\"name\":\"Rozvrh\"}]},{\"@type\":\"WebSite\",\"@id\":\"https:\/\/www.rinceoiri.cz\/#website\",\"url\":\"https:\/\/www.rinceoiri.cz\/\",\"name\":\"Rinceoir\u00ed - klub irsk\u00fdch tanc\u016f\",\"description\":\"V\u00fduka irsk\u00fdch tanc\u016f, irsk\u00e9 tance - nab\u00eddka vystoupen\u00ed\",\"publisher\":{\"@id\":\"https:\/\/www.rinceoiri.cz\/#organization\"},\"potentialAction\":[{\"@type\":\"SearchAction\",\"target\":{\"@type\":\"EntryPoint\",\"urlTemplate\":\"https:\/\/www.rinceoiri.cz\/?s={search_term_string}\"},\"query-input\":\"required name=search_term_string\"}],\"inLanguage\":\"en-GB\"},{\"@type\":\"Organization\",\"@id\":\"https:\/\/www.rinceoiri.cz\/#organization\",\"name\":\"Rinceoir\u00ed\",\"url\":\"https:\/\/www.rinceoiri.cz\/\",\"sameAs\":[\"https:\/\/www.instagram.com\/rinceoiri\/\",\"https:\/\/www.youtube.com\/channel\/UCtSffFpv2_EKMMuwlOJynnA\",\"https:\/\/www.facebook.com\/rinceoiri\/\"],\"logo\":{\"@type\":\"ImageObject\",\"inLanguage\":\"en-GB\",\"@id\":\"https:\/\/www.rinceoiri.cz\/#\/schema\/logo\/image\/\",\"url\":\"https:\/\/www.rinceoiri.cz\/wp-content\/uploads\/2020\/06\/Logo-Rince-bez-pozadi_cerne-e1591875742917.png\",\"contentUrl\":\"https:\/\/www.rinceoiri.cz\/wp-content\/uploads\/2020\/06\/Logo-Rince-bez-pozadi_cerne-e1591875742917.png\",\"width\":400,\"height\":87,\"caption\":\"Rinceoir\u00ed\"},\"image\":{\"@id\":\"https:\/\/www.rinceoiri.cz\/#\/schema\/logo\/image\/\"}}]}<\/script>\n<!-- \/ Yoast SEO plugin. -->","yoast_head_json":{"title":"Rozvrh - Rinceoir\u00ed - klub irsk\u00fdch tanc\u016f","robots":{"index":"index","follow":"follow","max-snippet":"max-snippet:-1","max-image-preview":"max-image-preview:large","max-video-preview":"max-video-preview:-1"},"canonical":"https:\/\/www.rinceoiri.cz\/en\/rozvrh\/","og_locale":"en_GB","og_type":"article","og_title":"Rozvrh - Rinceoir\u00ed - klub irsk\u00fdch tanc\u016f","og_description":"D\u011bti Den Hodina Kurz \u00darove\u0148 Lektor M\u00edsto Pond\u011bl\u00ed 17:00-18:00 D\u011bti Nusle za\u010d\u00e1te\u010dn\u00edci soft shoes Nat\u00e1lie Mlejnsk\u00e1 Z\u0160 T\u00e1borsk\u00e1 45, P4 \u010ctvrtek 17:00-18:00 D\u011bti Vr\u0161ovice za\u010d\u00e1te\u010dn\u00edci a m\u00edrn\u011b pokro\u010dil\u00ed soft shoes Anna Nedv\u011bdov\u00e1 + Nat\u00e1lie Jaro\u0161ov\u00e1 Hotelov\u00e1 \u0161kola, Vr\u0161ovick\u00e1 43, P10 \u010ctvrtek 18:00-18:30 D\u011bti Vr\u0161ovice step za\u010d\u00e1te\u010dn\u00edci a m\u00edrn\u011b pokro\u010dil\u00ed hard shoes Anna Nedv\u011bdov\u00e1 + Nat\u00e1lie [&hellip;]","og_url":"https:\/\/www.rinceoiri.cz\/en\/rozvrh\/","og_site_name":"Rinceoir\u00ed - klub irsk\u00fdch tanc\u016f","article_publisher":"https:\/\/www.facebook.com\/rinceoiri\/","article_modified_time":"2025-10-14T20:50:12+00:00","twitter_card":"summary_large_image","twitter_misc":{"Estimated reading time":"1 minute"},"schema":{"@context":"https:\/\/schema.org","@graph":[{"@type":"WebPage","@id":"https:\/\/www.rinceoiri.cz\/rozvrh\/","url":"https:\/\/www.rinceoiri.cz\/rozvrh\/","name":"Rozvrh - Rinceoir\u00ed - klub irsk\u00fdch tanc\u016f","isPartOf":{"@id":"https:\/\/www.rinceoiri.cz\/#website"},"datePublished":"2020-05-30T17:38:41+00:00","dateModified":"2025-10-14T20:50:12+00:00","breadcrumb":{"@id":"https:\/\/www.rinceoiri.cz\/rozvrh\/#breadcrumb"},"inLanguage":"en-GB","potentialAction":[{"@type":"ReadAction","target":["https:\/\/www.rinceoiri.cz\/rozvrh\/"]}]},{"@type":"BreadcrumbList","@id":"https:\/\/www.rinceoiri.cz\/rozvrh\/#breadcrumb","itemListElement":[{"@type":"ListItem","position":1,"name":"Dom\u016f","item":"https:\/\/www.rinceoiri.cz\/"},{"@type":"ListItem","position":2,"name":"Rozvrh"}]},{"@type":"WebSite","@id":"https:\/\/www.rinceoiri.cz\/#website","url":"https:\/\/www.rinceoiri.cz\/","name":"Rinceoir\u00ed - klub irsk\u00fdch tanc\u016f","description":"V\u00fduka irsk\u00fdch tanc\u016f, irsk\u00e9 tance - nab\u00eddka vystoupen\u00ed","publisher":{"@id":"https:\/\/www.rinceoiri.cz\/#organization"},"potentialAction":[{"@type":"SearchAction","target":{"@type":"EntryPoint","urlTemplate":"https:\/\/www.rinceoiri.cz\/?s={search_term_string}"},"query-input":"required name=search_term_string"}],"inLanguage":"en-GB"},{"@type":"Organization","@id":"https:\/\/www.rinceoiri.cz\/#organization","name":"Rinceoir\u00ed","url":"https:\/\/www.rinceoiri.cz\/","sameAs":["https:\/\/www.instagram.com\/rinceoiri\/","https:\/\/www.youtube.com\/channel\/UCtSffFpv2_EKMMuwlOJynnA","https:\/\/www.facebook.com\/rinceoiri\/"],"logo":{"@type":"ImageObject","inLanguage":"en-GB","@id":"https:\/\/www.rinceoiri.cz\/#\/schema\/logo\/image\/","url":"https:\/\/www.rinceoiri.cz\/wp-content\/uploads\/2020\/06\/Logo-Rince-bez-pozadi_cerne-e1591875742917.png","contentUrl":"https:\/\/www.rinceoiri.cz\/wp-content\/uploads\/2020\/06\/Logo-Rince-bez-pozadi_cerne-e1591875742917.png","width":400,"height":87,"caption":"Rinceoir\u00ed"},"image":{"@id":"https:\/\/www.rinceoiri.cz\/#\/schema\/logo\/image\/"}}]}},"_links":{"self":[{"href":"https:\/\/www.rinceoiri.cz\/en\/wp-json\/wp\/v2\/pages\/1113"}],"collection":[{"href":"https:\/\/www.rinceoiri.cz\/en\/wp-json\/wp\/v2\/pages"}],"about":[{"href":"https:\/\/www.rinceoiri.cz\/en\/wp-json\/wp\/v2\/types\/page"}],"author":[{"embeddable":true,"href":"https:\/\/www.rinceoiri.cz\/en\/wp-json\/wp\/v2\/users\/1"}],"replies":[{"embeddable":true,"href":"https:\/\/www.rinceoiri.cz\/en\/wp-json\/wp\/v2\/comments?post=1113"}],"version-history":[{"count":62,"href":"https:\/\/www.rinceoiri.cz\/en\/wp-json\/wp\/v2\/pages\/1113\/revisions"}],"predecessor-version":[{"id":2120,"href":"https:\/\/www.rinceoiri.cz\/en\/wp-json\/wp\/v2\/pages\/1113\/revisions\/2120"}],"wp:attachment":[{"href":"https:\/\/www.rinceoiri.cz\/en\/wp-json\/wp\/v2\/media?parent=1113"}],"curies":[{"name":"wp","href":"https:\/\/api.w.org\/{rel}","templated":true}]}}