{"id":412,"date":"2020-05-30T16:40:52","date_gmt":"2020-05-30T16:40:52","guid":{"rendered":"https:\/\/rinceoiri.cz\/?page_id=412"},"modified":"2026-01-26T15:23:21","modified_gmt":"2026-01-26T15:23:21","slug":"prihlaska","status":"publish","type":"page","link":"https:\/\/www.rinceoiri.cz\/en\/prihlaska\/","title":{"rendered":"Registration"},"content":{"rendered":"<div data-elementor-type=\"wp-page\" data-elementor-id=\"412\" class=\"elementor elementor-412\" data-elementor-settings=\"[]\">\n\t\t\t<div class=\"elementor-inner\">\n\t\t\t\t<div class=\"elementor-section-wrap\">\n\t\t\t\t\t\t\t<section class=\"elementor-element elementor-element-1cea7d47 elementor-section-height-min-height elementor-section-full_width elementor-section-height-default elementor-section-items-middle elementor-section elementor-top-section\" data-id=\"1cea7d47\" data-element_type=\"section\" data-settings=\"{&quot;background_background&quot;:&quot;gradient&quot;,&quot;shape_divider_bottom&quot;:&quot;waves&quot;}\">\n\t\t\t\t\t\t\t<div class=\"elementor-background-overlay\"><\/div>\n\t\t\t\t\t\t<div class=\"elementor-shape elementor-shape-bottom\" data-negative=\"false\">\n\t\t\t<svg xmlns=\"http:\/\/www.w3.org\/2000\/svg\" viewbox=\"0 0 1000 100\" preserveaspectratio=\"none\">\n\t<path class=\"elementor-shape-fill\" d=\"M421.9,6.5c22.6-2.5,51.5,0.4,75.5,5.3c23.6,4.9,70.9,23.5,100.5,35.7c75.8,32.2,133.7,44.5,192.6,49.7\tc23.6,2.1,48.7,3.5,103.4-2.5c54.7-6,106.2-25.6,106.2-25.6V0H0v30.3c0,0,72,32.6,158.4,30.5c39.2-0.7,92.8-6.7,134-22.4\tc21.2-8.1,52.2-18.2,79.7-24.2C399.3,7.9,411.6,7.5,421.9,6.5z\"\/>\n<\/svg>\t\t<\/div>\n\t\t\t\t\t<div class=\"elementor-container elementor-column-gap-default\">\n\t\t\t\t<div class=\"elementor-row\">\n\t\t\t\t<div class=\"elementor-element elementor-element-39a2929b elementor-column elementor-col-100 elementor-top-column\" data-id=\"39a2929b\" data-element_type=\"column\">\n\t\t\t<div class=\"elementor-column-wrap  elementor-element-populated\">\n\t\t\t\t\t<div class=\"elementor-widget-wrap\">\n\t\t\t\t\t\t<\/div>\n\t\t\t<\/div>\n\t\t<\/div>\n\t\t\t\t\t\t<\/div>\n\t\t\t<\/div>\n\t\t<\/section>\n\t\t\t\t<section class=\"elementor-element elementor-element-68e8cb2c elementor-section-stretched elementor-section-boxed elementor-section-height-default elementor-section-height-default elementor-section elementor-top-section\" data-id=\"68e8cb2c\" data-element_type=\"section\" data-settings=\"{&quot;background_background&quot;:&quot;classic&quot;,&quot;stretch_section&quot;:&quot;section-stretched&quot;}\">\n\t\t\t\t\t\t\t<div class=\"elementor-background-overlay\"><\/div>\n\t\t\t\t\t\t\t<div class=\"elementor-container elementor-column-gap-default\">\n\t\t\t\t<div class=\"elementor-row\">\n\t\t\t\t<div class=\"elementor-element elementor-element-78db651d elementor-column elementor-col-100 elementor-top-column\" data-id=\"78db651d\" data-element_type=\"column\">\n\t\t\t<div class=\"elementor-column-wrap  elementor-element-populated\">\n\t\t\t\t\t<div class=\"elementor-widget-wrap\">\n\t\t\t\t<div class=\"elementor-element elementor-element-f85b008 elementor-widget elementor-widget-heading\" data-id=\"f85b008\" data-element_type=\"widget\" data-widget_type=\"heading.default\">\n\t\t\t\t<div class=\"elementor-widget-container\">\n\t\t\t<h1 class=\"elementor-heading-title elementor-size-xl\">Application for Irish Dance and Step Dancing Courses\nMcGahan Lees Academy<\/h1>\t\t<\/div>\n\t\t\t\t<\/div>\n\t\t\t\t<div class=\"elementor-element elementor-element-aaba69f elementor-widget elementor-widget-text-editor\" data-id=\"aaba69f\" data-element_type=\"widget\" data-widget_type=\"text-editor.default\">\n\t\t\t\t<div class=\"elementor-widget-container\">\n\t\t\t\t\t<div class=\"elementor-text-editor elementor-clearfix\"><p><span style=\"font-size: 1rem;\">We admit new students at the beginning of each semester. However, upon agreement with the teachers, it is possible to join a course even after it has already started.<\/span><\/p>\n<p style=\"text-align: left;\">Under the guidance of experienced instructors, you will have the opportunity to learn both solo and team dances in soft shoes, as well as Irish step dancing. Dancing will help you improve your sense of rhythm, movement skills, and overall fitness. The McGahan Lees Academy also offers training with qualified international instructors, enabling you to take part in international competitions under our guidance.<\/p>\n<p style=\"text-align: left;\">We hold adult classes in Nusle and children\u2019s classes in Vr\u0161ovice and Nusle. We accept dancers from the age of 5, with no upper age limit. Each year, we select the most talented dancers from the courses to join the performing group.<\/p>\n<p style=\"text-align: left;\"><span style=\"font-size: 1rem;\">The best way to find out whether Irish dancing is your cup of tea is to come to the first lesson. It is for free!<\/span><\/p><\/div>\n\t\t\t\t<\/div>\n\t\t\t\t<\/div>\n\t\t\t\t\t\t<\/div>\n\t\t\t<\/div>\n\t\t<\/div>\n\t\t\t\t\t\t<\/div>\n\t\t\t<\/div>\n\t\t<\/section>\n\t\t\t\t<section class=\"elementor-element elementor-element-a10ea58 elementor-section-boxed elementor-section-height-default elementor-section-height-default elementor-section elementor-top-section\" data-id=\"a10ea58\" data-element_type=\"section\">\n\t\t\t\t\t\t<div class=\"elementor-container elementor-column-gap-default\">\n\t\t\t\t<div class=\"elementor-row\">\n\t\t\t\t<div class=\"elementor-element elementor-element-d251cab elementor-column elementor-col-100 elementor-top-column\" data-id=\"d251cab\" data-element_type=\"column\">\n\t\t\t<div class=\"elementor-column-wrap  elementor-element-populated\">\n\t\t\t\t\t<div class=\"elementor-widget-wrap\">\n\t\t\t\t<div class=\"elementor-element elementor-element-ce86697 elementor-button-align-center elementor-widget elementor-widget-form\" data-id=\"ce86697\" data-element_type=\"widget\" data-settings=\"{&quot;step_next_label&quot;:&quot;Next&quot;,&quot;step_previous_label&quot;:&quot;Previous&quot;,&quot;step_type&quot;:&quot;none&quot;,&quot;button_width&quot;:&quot;100&quot;,&quot;step_icon_shape&quot;:&quot;circle&quot;}\" data-widget_type=\"form.default\">\n\t\t\t\t<div class=\"elementor-widget-container\">\n\t\t\t\t\t<form class=\"elementor-form\" method=\"post\" name=\"Prihlaska\" action=\"\">\n\t\t\t<input type=\"hidden\" name=\"post_id\" value=\"412\"\/>\n\t\t\t<input type=\"hidden\" name=\"form_id\" value=\"ce86697\"\/>\n\n\t\t\t\n\t\t\t<div class=\"elementor-form-fields-wrapper elementor-labels-above\">\n\t\t\t\t\t\t\t\t<div class=\"elementor-field-type-text elementor-field-group elementor-column elementor-field-group-name elementor-col-50 elementor-field-required\">\n\t\t\t\t\t<label for=\"form-field-name\" class=\"elementor-field-label\">Name<\/label><input size=\"1\" type=\"text\" name=\"form_fields[name]\" id=\"form-field-name\" class=\"elementor-field elementor-size-md  elementor-field-textual\" placeholder=\"Name and surname\" required=\"required\" aria-required=\"true\">\t\t\t\t<\/div>\n\t\t\t\t\t\t\t\t<div class=\"elementor-field-type-email elementor-field-group elementor-column elementor-field-group-email elementor-col-50 elementor-field-required\">\n\t\t\t\t\t<label for=\"form-field-email\" class=\"elementor-field-label\">E-mail<\/label><input size=\"1\" type=\"email\" name=\"form_fields[email]\" id=\"form-field-email\" class=\"elementor-field elementor-size-md  elementor-field-textual\" placeholder=\"e-mail\" required=\"required\" aria-required=\"true\">\t\t\t\t<\/div>\n\t\t\t\t\t\t\t\t<div class=\"elementor-field-type-date elementor-field-group elementor-column elementor-field-group-field_d1bb64b elementor-col-60 elementor-field-required\">\n\t\t\t\t\t<label for=\"form-field-field_d1bb64b\" class=\"elementor-field-label\">Date of birth<\/label><input type=\"date\" name=\"form_fields[field_d1bb64b]\" id=\"form-field-field_d1bb64b\" class=\"elementor-field elementor-size-md  elementor-field-textual elementor-date-field elementor-use-native\" placeholder=\"Date of birth\" required=\"required\" aria-required=\"true\" pattern=\"[0-9]{4}-[0-9]{2}-[0-9]{2}\" max=\"2020-01-01\">\t\t\t\t<\/div>\n\t\t\t\t\t\t\t\t<div class=\"elementor-field-type-tel elementor-field-group elementor-column elementor-field-group-field_b507291 elementor-col-60 elementor-field-required\">\n\t\t\t\t\t<label for=\"form-field-field_b507291\" class=\"elementor-field-label\">Phone number<\/label><input size=\"1\" type=\"tel\" name=\"form_fields[field_b507291]\" id=\"form-field-field_b507291\" class=\"elementor-field elementor-size-md  elementor-field-textual\" placeholder=\"Phone number\" required=\"required\" aria-required=\"true\" pattern=\"[0-9()#&amp;+*-=.]+\" title=\"Only numbers and phone characters (#, -, *, etc) are accepted.\">\t\t\t\t<\/div>\n\t\t\t\t\t\t\t\t<div class=\"elementor-field-type-select elementor-field-group elementor-column elementor-field-group-field_3e0b4c0 elementor-col-60 elementor-field-type-select-multiple elementor-field-required\">\n\t\t\t\t\t<label for=\"form-field-field_3e0b4c0\" class=\"elementor-field-label\">Course (select more courses using CTRL)<\/label>\t\t<div class=\"elementor-field elementor-select-wrapper\">\n\t\t\t<select name=\"form_fields[field_3e0b4c0][]\" id=\"form-field-field_3e0b4c0\" class=\"elementor-field-textual elementor-size-md\" required=\"required\" aria-required=\"true\" multiple=\"\" size=\"11\">\n\t\t\t\t<option value=\"D\u011bti Nusle\">D\u011bti Nusle<\/option><option value=\"D\u011bti Vr\u0161ovice\">D\u011bti Vr\u0161ovice<\/option><option value=\"D\u011bti Vr\u0161ovice step\">D\u011bti Vr\u0161ovice step<\/option><option value=\"Za\u010d\u00e1te\u010dn\u00edci soft shoes\">Beginner soft shoes<\/option><option value=\"Za\u010d\u00e1te\u010dn\u00edci, m\u00edrn\u011b pokro\u010dil\u00ed hard shoes\">Za\u010d\u00e1te\u010dn\u00edci, m\u00edrn\u011b pokro\u010dil\u00ed hard shoes<\/option><option value=\"M\u00edrn\u011b pokro\u010dil\u00ed soft shoes\">M\u00edrn\u011b pokro\u010dil\u00ed soft shoes<\/option><option value=\"Pokro\u010dil\u00ed soft shoes\/hard shoes 1\">Pokro\u010dil\u00ed soft shoes\/hard shoes 1<\/option><option value=\"Pokro\u010dil\u00ed soft shoes\/hard shoes 2\">Pokro\u010dil\u00ed soft shoes\/hard shoes 2<\/option><option value=\"Ochutnej irsk\u00fd tanec\">Ochutnej irsk\u00fd tanec<\/option>\t\t\t<\/select>\n\t\t<\/div>\n\t\t\t\t\t\t<\/div>\n\t\t\t\t\t\t\t\t<div class=\"elementor-field-type-acceptance elementor-field-group elementor-column elementor-field-group-field_08e6359 elementor-col-75 elementor-field-required\">\n\t\t\t\t\t<div class=\"elementor-field-subgroup\"><span class=\"elementor-field-option\"><input type=\"checkbox\" name=\"form_fields[field_08e6359]\" id=\"form-field-field_08e6359\" class=\"elementor-field elementor-size-md  elementor-acceptance-field\" required=\"required\" aria-required=\"true\"> <label for=\"form-field-field_08e6359\">I hereby give my consent to processing of my personal data described <a href=\"#elementor-action%3Aaction%3Dpopup%3Aopen%26settings%3DeyJpZCI6IjE1NjkiLCJ0b2dnbGUiOmZhbHNlfQ%3D%3D\">here<\/a>.<\/label><\/span><\/div>\t\t\t\t<\/div>\n\t\t\t\t\t\t\t\t<div class=\"elementor-field-type-acceptance elementor-field-group elementor-column elementor-field-group-field_1edeea8 elementor-col-75 elementor-field-required\">\n\t\t\t\t\t<div class=\"elementor-field-subgroup\"><span class=\"elementor-field-option\"><input type=\"checkbox\" name=\"form_fields[field_1edeea8]\" id=\"form-field-field_1edeea8\" class=\"elementor-field elementor-size-md  elementor-acceptance-field\" required=\"required\" aria-required=\"true\"> <label for=\"form-field-field_1edeea8\">Potvrzuji, \u017ee jsem se sezn\u00e1mil\/a s Vnit\u0159n\u00edmi pravidly McGahan\u202fLees Academy a Rinceoir\u00ed uveden\u00fdmi <a href= \"https:\/\/www.rinceoiri.cz\/en\/vnitrni-pravidla-rida-a-rinceoiri-2023\/\">here<\/a>.<\/label><\/span><\/div>\t\t\t\t<\/div>\n\t\t\t\t\t\t\t\t<div class=\"elementor-field-type-textarea elementor-field-group elementor-column elementor-field-group-message elementor-col-100\">\n\t\t\t\t\t<label for=\"form-field-message\" class=\"elementor-field-label\">Note:<\/label><textarea class=\"elementor-field-textual elementor-field  elementor-size-md\" name=\"form_fields[message]\" id=\"form-field-message\" rows=\"0\" placeholder=\"Do you wish to add a note? (optional)\"><\/textarea>\t\t\t\t<\/div>\n\t\t\t\t\t\t\t\t<div class=\"elementor-field-type-recaptcha_v3 elementor-field-group elementor-column elementor-field-group-field_57c9b67 elementor-col-100 recaptcha_v3-bottomright\">\n\t\t\t\t\t<div class=\"elementor-field\" id=\"form-field-field_57c9b67\"><div class=\"elementor-g-recaptcha\" data-sitekey=\"6Lc1GaMZAAAAAMLzbgJKYQNUh3-KPfNl4VLPwwYs\" data-type=\"v3\" data-action=\"Form\" data-badge=\"bottomright\" data-size=\"invisible\"><\/div><\/div>\t\t\t\t<\/div>\n\t\t\t\t\t\t\t\t<div class=\"elementor-field-group elementor-column elementor-field-type-submit elementor-col-100 e-form__buttons\">\n\t\t\t\t\t<button type=\"submit\" class=\"elementor-button elementor-size-md\">\n\t\t\t\t\t\t<span >\n\t\t\t\t\t\t\t\t\t\t\t\t\t\t\t<span class=\"elementor-button-icon\">\n\t\t\t\t\t\t\t\t\t\t\t\t\t\t\t\t\t\t\t\t\t\t\t\t\t\t<\/span>\n\t\t\t\t\t\t\t\t\t\t\t\t\t\t\t\t\t\t\t\t\t\t<span class=\"elementor-button-text\">SEND<\/span>\n\t\t\t\t\t\t\t\t\t\t\t\t\t<\/span>\n\t\t\t\t\t<\/button>\n\t\t\t\t<\/div>\n\t\t\t<\/div>\n\t\t<input type=\"hidden\" name=\"trp-form-language\" value=\"en\"\/><\/form>\n\t\t\t\t<\/div>\n\t\t\t\t<\/div>\n\t\t\t\t\t\t<\/div>\n\t\t\t<\/div>\n\t\t<\/div>\n\t\t\t\t\t\t<\/div>\n\t\t\t<\/div>\n\t\t<\/section>\n\t\t\t\t\t\t<\/div>\n\t\t\t<\/div>\n\t\t<\/div>","protected":false},"excerpt":{"rendered":"<p>P\u0159ihl\u00e1\u0161ka na kurzy irsk\u00e9ho tance a stepu McGahan\u202fLees Academy Do d\u011btsk\u00fdch i dosp\u011bl\u00fdch kurz\u016f p\u0159ij\u00edm\u00e1me nov\u00e9 tane\u010dn\u00edky v\u017edy na za\u010d\u00e1tku \u0161koln\u00edho roku a v pololet\u00ed. Je v\u0161ak mo\u017en\u00e9 se po domluv\u011b s lektory p\u0159idat i v pr\u016fb\u011bhu \u0161koln\u00edho roku. Pod veden\u00edm zku\u0161en\u00fdch lektor\u016f se u n\u00e1s m\u00e1te mo\u017enost nau\u010dit s\u00f3lov\u00e9 i t\u00fdmov\u00e9 tance v m\u011bkk\u00fdch [&hellip;]<\/p>","protected":false},"author":1,"featured_media":0,"parent":0,"menu_order":0,"comment_status":"closed","ping_status":"closed","template":"elementor_header_footer","meta":[],"yoast_head":"<!-- This site is optimized with the Yoast SEO plugin v19.6 - https:\/\/yoast.com\/wordpress\/plugins\/seo\/ -->\n<title>P\u0159ihl\u00e1\u0161ka - Rinceoir\u00ed - klub irsk\u00fdch tanc\u016f<\/title>\n<meta name=\"description\" content=\"P\u0159ihl\u00e1\u0161ka do kurz\u016f irsk\u00fdch tanc\u016f tane\u010dn\u00ed \u0161koly RIDA. Vyzkou\u0161ejte si tento z\u00e1bavn\u00fd sport, kter\u00fd zlep\u0161\u00ed va\u0161i fyzickou kondici, prvn\u00ed lekce je zdarma.\" \/>\n<meta name=\"robots\" content=\"index, follow, max-snippet:-1, max-image-preview:large, max-video-preview:-1\" \/>\n<link rel=\"canonical\" href=\"https:\/\/www.rinceoiri.cz\/en\/prihlaska\/\" \/>\n<meta property=\"og:locale\" content=\"en_GB\" \/>\n<meta property=\"og:type\" content=\"article\" \/>\n<meta property=\"og:title\" content=\"P\u0159ihl\u00e1\u0161ka - Rinceoir\u00ed - klub irsk\u00fdch tanc\u016f\" \/>\n<meta property=\"og:description\" content=\"P\u0159ihl\u00e1\u0161ka do kurz\u016f irsk\u00fdch tanc\u016f tane\u010dn\u00ed \u0161koly RIDA. Vyzkou\u0161ejte si tento z\u00e1bavn\u00fd sport, kter\u00fd zlep\u0161\u00ed va\u0161i fyzickou kondici, prvn\u00ed lekce je zdarma.\" \/>\n<meta property=\"og:url\" content=\"https:\/\/www.rinceoiri.cz\/en\/prihlaska\/\" \/>\n<meta property=\"og:site_name\" content=\"Rinceoir\u00ed - klub irsk\u00fdch tanc\u016f\" \/>\n<meta property=\"article:publisher\" content=\"https:\/\/www.facebook.com\/rinceoiri\/\" \/>\n<meta property=\"article:modified_time\" content=\"2026-01-26T15:23:21+00:00\" \/>\n<meta name=\"twitter:card\" content=\"summary_large_image\" \/>\n<meta name=\"twitter:label1\" content=\"Estimated reading time\" \/>\n\t<meta name=\"twitter:data1\" content=\"1 minute\" \/>\n<script type=\"application\/ld+json\" class=\"yoast-schema-graph\">{\"@context\":\"https:\/\/schema.org\",\"@graph\":[{\"@type\":\"WebPage\",\"@id\":\"https:\/\/www.rinceoiri.cz\/prihlaska\/\",\"url\":\"https:\/\/www.rinceoiri.cz\/prihlaska\/\",\"name\":\"P\u0159ihl\u00e1\u0161ka - Rinceoir\u00ed - klub irsk\u00fdch tanc\u016f\",\"isPartOf\":{\"@id\":\"https:\/\/www.rinceoiri.cz\/#website\"},\"datePublished\":\"2020-05-30T16:40:52+00:00\",\"dateModified\":\"2026-01-26T15:23:21+00:00\",\"description\":\"P\u0159ihl\u00e1\u0161ka do kurz\u016f irsk\u00fdch tanc\u016f tane\u010dn\u00ed \u0161koly RIDA. Vyzkou\u0161ejte si tento z\u00e1bavn\u00fd sport, kter\u00fd zlep\u0161\u00ed va\u0161i fyzickou kondici, prvn\u00ed lekce je zdarma.\",\"breadcrumb\":{\"@id\":\"https:\/\/www.rinceoiri.cz\/prihlaska\/#breadcrumb\"},\"inLanguage\":\"en-GB\",\"potentialAction\":[{\"@type\":\"ReadAction\",\"target\":[\"https:\/\/www.rinceoiri.cz\/prihlaska\/\"]}]},{\"@type\":\"BreadcrumbList\",\"@id\":\"https:\/\/www.rinceoiri.cz\/prihlaska\/#breadcrumb\",\"itemListElement\":[{\"@type\":\"ListItem\",\"position\":1,\"name\":\"Dom\u016f\",\"item\":\"https:\/\/www.rinceoiri.cz\/\"},{\"@type\":\"ListItem\",\"position\":2,\"name\":\"P\u0159ihl\u00e1\u0161ka\"}]},{\"@type\":\"WebSite\",\"@id\":\"https:\/\/www.rinceoiri.cz\/#website\",\"url\":\"https:\/\/www.rinceoiri.cz\/\",\"name\":\"Rinceoir\u00ed - klub irsk\u00fdch tanc\u016f\",\"description\":\"V\u00fduka irsk\u00fdch tanc\u016f, irsk\u00e9 tance - nab\u00eddka vystoupen\u00ed\",\"publisher\":{\"@id\":\"https:\/\/www.rinceoiri.cz\/#organization\"},\"potentialAction\":[{\"@type\":\"SearchAction\",\"target\":{\"@type\":\"EntryPoint\",\"urlTemplate\":\"https:\/\/www.rinceoiri.cz\/?s={search_term_string}\"},\"query-input\":\"required name=search_term_string\"}],\"inLanguage\":\"en-GB\"},{\"@type\":\"Organization\",\"@id\":\"https:\/\/www.rinceoiri.cz\/#organization\",\"name\":\"Rinceoir\u00ed\",\"url\":\"https:\/\/www.rinceoiri.cz\/\",\"sameAs\":[\"https:\/\/www.instagram.com\/rinceoiri\/\",\"https:\/\/www.youtube.com\/channel\/UCtSffFpv2_EKMMuwlOJynnA\",\"https:\/\/www.facebook.com\/rinceoiri\/\"],\"logo\":{\"@type\":\"ImageObject\",\"inLanguage\":\"en-GB\",\"@id\":\"https:\/\/www.rinceoiri.cz\/#\/schema\/logo\/image\/\",\"url\":\"https:\/\/www.rinceoiri.cz\/wp-content\/uploads\/2020\/06\/Logo-Rince-bez-pozadi_cerne-e1591875742917.png\",\"contentUrl\":\"https:\/\/www.rinceoiri.cz\/wp-content\/uploads\/2020\/06\/Logo-Rince-bez-pozadi_cerne-e1591875742917.png\",\"width\":400,\"height\":87,\"caption\":\"Rinceoir\u00ed\"},\"image\":{\"@id\":\"https:\/\/www.rinceoiri.cz\/#\/schema\/logo\/image\/\"}}]}<\/script>\n<!-- \/ Yoast SEO plugin. -->","yoast_head_json":{"title":"P\u0159ihl\u00e1\u0161ka - Rinceoir\u00ed - klub irsk\u00fdch tanc\u016f","description":"P\u0159ihl\u00e1\u0161ka do kurz\u016f irsk\u00fdch tanc\u016f tane\u010dn\u00ed \u0161koly RIDA. Vyzkou\u0161ejte si tento z\u00e1bavn\u00fd sport, kter\u00fd zlep\u0161\u00ed va\u0161i fyzickou kondici, prvn\u00ed lekce je zdarma.","robots":{"index":"index","follow":"follow","max-snippet":"max-snippet:-1","max-image-preview":"max-image-preview:large","max-video-preview":"max-video-preview:-1"},"canonical":"https:\/\/www.rinceoiri.cz\/en\/prihlaska\/","og_locale":"en_GB","og_type":"article","og_title":"P\u0159ihl\u00e1\u0161ka - Rinceoir\u00ed - klub irsk\u00fdch tanc\u016f","og_description":"P\u0159ihl\u00e1\u0161ka do kurz\u016f irsk\u00fdch tanc\u016f tane\u010dn\u00ed \u0161koly RIDA. Vyzkou\u0161ejte si tento z\u00e1bavn\u00fd sport, kter\u00fd zlep\u0161\u00ed va\u0161i fyzickou kondici, prvn\u00ed lekce je zdarma.","og_url":"https:\/\/www.rinceoiri.cz\/en\/prihlaska\/","og_site_name":"Rinceoir\u00ed - klub irsk\u00fdch tanc\u016f","article_publisher":"https:\/\/www.facebook.com\/rinceoiri\/","article_modified_time":"2026-01-26T15:23:21+00:00","twitter_card":"summary_large_image","twitter_misc":{"Estimated reading time":"1 minute"},"schema":{"@context":"https:\/\/schema.org","@graph":[{"@type":"WebPage","@id":"https:\/\/www.rinceoiri.cz\/prihlaska\/","url":"https:\/\/www.rinceoiri.cz\/prihlaska\/","name":"P\u0159ihl\u00e1\u0161ka - Rinceoir\u00ed - klub irsk\u00fdch tanc\u016f","isPartOf":{"@id":"https:\/\/www.rinceoiri.cz\/#website"},"datePublished":"2020-05-30T16:40:52+00:00","dateModified":"2026-01-26T15:23:21+00:00","description":"P\u0159ihl\u00e1\u0161ka do kurz\u016f irsk\u00fdch tanc\u016f tane\u010dn\u00ed \u0161koly RIDA. Vyzkou\u0161ejte si tento z\u00e1bavn\u00fd sport, kter\u00fd zlep\u0161\u00ed va\u0161i fyzickou kondici, prvn\u00ed lekce je zdarma.","breadcrumb":{"@id":"https:\/\/www.rinceoiri.cz\/prihlaska\/#breadcrumb"},"inLanguage":"en-GB","potentialAction":[{"@type":"ReadAction","target":["https:\/\/www.rinceoiri.cz\/prihlaska\/"]}]},{"@type":"BreadcrumbList","@id":"https:\/\/www.rinceoiri.cz\/prihlaska\/#breadcrumb","itemListElement":[{"@type":"ListItem","position":1,"name":"Dom\u016f","item":"https:\/\/www.rinceoiri.cz\/"},{"@type":"ListItem","position":2,"name":"P\u0159ihl\u00e1\u0161ka"}]},{"@type":"WebSite","@id":"https:\/\/www.rinceoiri.cz\/#website","url":"https:\/\/www.rinceoiri.cz\/","name":"Rinceoir\u00ed - klub irsk\u00fdch tanc\u016f","description":"V\u00fduka irsk\u00fdch tanc\u016f, irsk\u00e9 tance - nab\u00eddka vystoupen\u00ed","publisher":{"@id":"https:\/\/www.rinceoiri.cz\/#organization"},"potentialAction":[{"@type":"SearchAction","target":{"@type":"EntryPoint","urlTemplate":"https:\/\/www.rinceoiri.cz\/?s={search_term_string}"},"query-input":"required name=search_term_string"}],"inLanguage":"en-GB"},{"@type":"Organization","@id":"https:\/\/www.rinceoiri.cz\/#organization","name":"Rinceoir\u00ed","url":"https:\/\/www.rinceoiri.cz\/","sameAs":["https:\/\/www.instagram.com\/rinceoiri\/","https:\/\/www.youtube.com\/channel\/UCtSffFpv2_EKMMuwlOJynnA","https:\/\/www.facebook.com\/rinceoiri\/"],"logo":{"@type":"ImageObject","inLanguage":"en-GB","@id":"https:\/\/www.rinceoiri.cz\/#\/schema\/logo\/image\/","url":"https:\/\/www.rinceoiri.cz\/wp-content\/uploads\/2020\/06\/Logo-Rince-bez-pozadi_cerne-e1591875742917.png","contentUrl":"https:\/\/www.rinceoiri.cz\/wp-content\/uploads\/2020\/06\/Logo-Rince-bez-pozadi_cerne-e1591875742917.png","width":400,"height":87,"caption":"Rinceoir\u00ed"},"image":{"@id":"https:\/\/www.rinceoiri.cz\/#\/schema\/logo\/image\/"}}]}},"_links":{"self":[{"href":"https:\/\/www.rinceoiri.cz\/en\/wp-json\/wp\/v2\/pages\/412"}],"collection":[{"href":"https:\/\/www.rinceoiri.cz\/en\/wp-json\/wp\/v2\/pages"}],"about":[{"href":"https:\/\/www.rinceoiri.cz\/en\/wp-json\/wp\/v2\/types\/page"}],"author":[{"embeddable":true,"href":"https:\/\/www.rinceoiri.cz\/en\/wp-json\/wp\/v2\/users\/1"}],"replies":[{"embeddable":true,"href":"https:\/\/www.rinceoiri.cz\/en\/wp-json\/wp\/v2\/comments?post=412"}],"version-history":[{"count":82,"href":"https:\/\/www.rinceoiri.cz\/en\/wp-json\/wp\/v2\/pages\/412\/revisions"}],"predecessor-version":[{"id":2133,"href":"https:\/\/www.rinceoiri.cz\/en\/wp-json\/wp\/v2\/pages\/412\/revisions\/2133"}],"wp:attachment":[{"href":"https:\/\/www.rinceoiri.cz\/en\/wp-json\/wp\/v2\/media?parent=412"}],"curies":[{"name":"wp","href":"https:\/\/api.w.org\/{rel}","templated":true}]}}