{"id":92,"date":"2020-05-12T11:06:26","date_gmt":"2020-05-12T11:06:26","guid":{"rendered":"https:\/\/rinceoiri.cz\/?page_id=92"},"modified":"2025-10-27T17:37:41","modified_gmt":"2025-10-27T17:37:41","slug":"uvod","status":"publish","type":"page","link":"https:\/\/www.rinceoiri.cz\/en\/","title":{"rendered":"About us"},"content":{"rendered":"<div data-elementor-type=\"wp-page\" data-elementor-id=\"92\" class=\"elementor elementor-92\" data-elementor-settings=\"[]\">\n\t\t\t<div class=\"elementor-inner\">\n\t\t\t\t<div class=\"elementor-section-wrap\">\n\t\t\t\t\t\t\t<section class=\"elementor-element elementor-element-c09c60b elementor-hidden-desktop elementor-hidden-tablet elementor-section-boxed elementor-section-height-default elementor-section-height-default elementor-section elementor-top-section\" data-id=\"c09c60b\" data-element_type=\"section\" data-settings=\"{&quot;background_background&quot;:&quot;classic&quot;}\">\n\t\t\t\t\t\t<div class=\"elementor-container elementor-column-gap-default\">\n\t\t\t\t<div class=\"elementor-row\">\n\t\t\t\t<div class=\"elementor-element elementor-element-74b5809 elementor-column elementor-col-100 elementor-top-column\" data-id=\"74b5809\" data-element_type=\"column\">\n\t\t\t<div class=\"elementor-column-wrap  elementor-element-populated\">\n\t\t\t\t\t<div class=\"elementor-widget-wrap\">\n\t\t\t\t<div class=\"elementor-element elementor-element-85de181 elementor-widget elementor-widget-image\" data-id=\"85de181\" data-element_type=\"widget\" data-settings=\"{&quot;_animation_mobile&quot;:&quot;none&quot;}\" data-widget_type=\"image.default\">\n\t\t\t\t<div class=\"elementor-widget-container\">\n\t\t\t\t\t<div class=\"elementor-image\">\n\t\t\t\t\t\t\t\t\t\t<img width=\"768\" height=\"512\" src=\"https:\/\/www.rinceoiri.cz\/wp-content\/uploads\/2020\/06\/Rincoiri_18-768x512.jpg\" class=\"attachment-medium_large size-medium_large\" alt=\"\" loading=\"lazy\" srcset=\"https:\/\/www.rinceoiri.cz\/wp-content\/uploads\/2020\/06\/Rincoiri_18-768x512.jpg 768w, https:\/\/www.rinceoiri.cz\/wp-content\/uploads\/2020\/06\/Rincoiri_18-300x200.jpg 300w, https:\/\/www.rinceoiri.cz\/wp-content\/uploads\/2020\/06\/Rincoiri_18-1024x683.jpg 1024w, https:\/\/www.rinceoiri.cz\/wp-content\/uploads\/2020\/06\/Rincoiri_18-1536x1024.jpg 1536w, https:\/\/www.rinceoiri.cz\/wp-content\/uploads\/2020\/06\/Rincoiri_18-2048x1365.jpg 2048w\" sizes=\"(max-width: 768px) 100vw, 768px\" \/>\t\t\t\t\t\t\t\t\t\t\t<\/div>\n\t\t\t\t<\/div>\n\t\t\t\t<\/div>\n\t\t\t\t\t\t<\/div>\n\t\t\t<\/div>\n\t\t<\/div>\n\t\t\t\t\t\t<\/div>\n\t\t\t<\/div>\n\t\t<\/section>\n\t\t\t\t<section class=\"elementor-element elementor-element-d312f4a elementor-hidden-phone elementor-section-stretched elementor-section-full_width elementor-section-height-default elementor-section-height-default elementor-invisible elementor-section elementor-top-section\" data-id=\"d312f4a\" data-element_type=\"section\" data-settings=\"{&quot;background_background&quot;:&quot;video&quot;,&quot;background_video_link&quot;:&quot;https:\\\/\\\/rinceoiri.cz\\\/wp-content\\\/uploads\\\/2020\\\/06\\\/Promo-CUT-edit.mp4&quot;,&quot;animation&quot;:&quot;fadeIn&quot;,&quot;stretch_section&quot;:&quot;section-stretched&quot;}\">\n\t\t\t\t\t\t\t\t<div class=\"elementor-background-video-container elementor-hidden-phone\">\n\t\t\t\t\t\t\t\t\t\t\t\t\t<video class=\"elementor-background-video-hosted elementor-html5-video\" autoplay muted playsinline loop><\/video>\n\t\t\t\t\t\t\t\t\t\t\t<\/div>\n\t\t\t\t\t\t\t\t<div class=\"elementor-container elementor-column-gap-no\">\n\t\t\t\t<div class=\"elementor-row\">\n\t\t\t\t<div class=\"elementor-element elementor-element-b3858a1 elementor-column elementor-col-100 elementor-top-column\" data-id=\"b3858a1\" data-element_type=\"column\">\n\t\t\t<div class=\"elementor-column-wrap\">\n\t\t\t\t\t<div class=\"elementor-widget-wrap\">\n\t\t\t\t\t\t<\/div>\n\t\t\t<\/div>\n\t\t<\/div>\n\t\t\t\t\t\t<\/div>\n\t\t\t<\/div>\n\t\t<\/section>\n\t\t\t\t<section class=\"elementor-element elementor-element-8737b77 elementor-reverse-mobile elementor-reverse-tablet elementor-section-boxed elementor-section-height-default elementor-section-height-default elementor-section elementor-top-section\" data-id=\"8737b77\" data-element_type=\"section\" data-settings=\"{&quot;background_background&quot;:&quot;classic&quot;}\">\n\t\t\t\t\t\t\t<div class=\"elementor-background-overlay\"><\/div>\n\t\t\t\t\t\t\t<div class=\"elementor-container elementor-column-gap-default\">\n\t\t\t\t<div class=\"elementor-row\">\n\t\t\t\t<div class=\"elementor-element elementor-element-66cf749 elementor-column elementor-col-100 elementor-top-column\" data-id=\"66cf749\" data-element_type=\"column\">\n\t\t\t<div class=\"elementor-column-wrap  elementor-element-populated\">\n\t\t\t\t\t<div class=\"elementor-widget-wrap\">\n\t\t\t\t<div class=\"elementor-element elementor-element-d568ef2 elementor-widget elementor-widget-heading\" data-id=\"d568ef2\" data-element_type=\"widget\" data-widget_type=\"heading.default\">\n\t\t\t\t<div class=\"elementor-widget-container\">\n\t\t\t<h1 class=\"elementor-heading-title elementor-size-default\">About Rinceoir\u00ed<\/h1>\t\t<\/div>\n\t\t\t\t<\/div>\n\t\t\t\t<section class=\"elementor-element elementor-element-618991a elementor-section-boxed elementor-section-height-default elementor-section-height-default elementor-section elementor-inner-section\" data-id=\"618991a\" data-element_type=\"section\">\n\t\t\t\t\t\t<div class=\"elementor-container elementor-column-gap-default\">\n\t\t\t\t<div class=\"elementor-row\">\n\t\t\t\t<div class=\"elementor-element elementor-element-88049e7 elementor-column elementor-col-50 elementor-inner-column\" data-id=\"88049e7\" data-element_type=\"column\">\n\t\t\t<div class=\"elementor-column-wrap  elementor-element-populated\">\n\t\t\t\t\t<div class=\"elementor-widget-wrap\">\n\t\t\t\t<div class=\"elementor-element elementor-element-04d14fd elementor-widget elementor-widget-text-editor\" data-id=\"04d14fd\" data-element_type=\"widget\" data-widget_type=\"text-editor.default\">\n\t\t\t\t<div class=\"elementor-widget-container\">\n\t\t\t\t\t<div class=\"elementor-text-editor elementor-clearfix\"><p style=\"margin: 0cm 0cm 0.0001pt;\"><span style=\"font-family: Arial, sans-serif; font-size: medium;\">Rinceoir\u00ed is the oldest Irish dance club in the Czech Republic. It was founded in 1997 and has since been dedicated to promoting Irish dance culture. The group's name, translated from Irish, literally means \"dancers.\"<\/span><\/p><p style=\"margin: 0cm 0cm 0.0001pt; font-size: medium; font-family: Calibri, sans-serif;\"><span style=\"font-family: Arial, sans-serif;\">\u00a0<\/span><\/p><p style=\"margin: 0cm 0cm 0.0001pt; font-size: medium; font-family: Calibri, sans-serif;\"><span style=\"font-family: Arial, sans-serif;\">Throughout its existence, the group has performed in theatres, at festivals and during other cultural events in the Czech Republic as well as in other European countries. Its choreographies could have been seen for example in the Prague Congress Centre, the Tesla Arena in Prague (during the 10th anniversary of Irish dancing in the Czech Republic and the Crazy Day project) or at the Trafalgar Square (during the celebrations of St. Patrick\u2019s Day). Rinceoir\u00ed dancers even made it to the finals of a television talent show and, in 2010, won the Dance Group of the Year competition in their category. In 2013, the group was awarded with the CIBCA Cultural Oscar for its contribution to raising awareness of the Irish culture in the Czech Republic.<\/span><\/p><p style=\"margin: 0cm 0cm 0.0001pt; font-size: medium; font-family: Calibri, sans-serif;\"><span style=\"font-family: Arial, sans-serif;\">\u00a0<\/span><\/p><p style=\"margin: 0cm 0cm 0.0001pt; font-size: medium; font-family: Calibri, sans-serif;\"><span style=\"font-family: Arial, sans-serif;\">Rinceoir\u00ed also created several independent all-evening dance shows, which belong among its greatest successes. The first one was called Dancing Dream (formerly Swan Legend) and was performed in a number of cities and towns all around the Czech Republic between 2008 and 2013. In 2013, Rinceoir\u00ed introduced its second show called 7 Reasons to Dance, which audiences could enjoy until 2016. At present, the group collaborates with Shannon, a Czech Irish music band, on the Rinceoir\u00ed &amp; Shannon Evening show.<\/span><\/p><div>\u00a0<\/div><\/div>\n\t\t\t\t<\/div>\n\t\t\t\t<\/div>\n\t\t\t\t\t\t<\/div>\n\t\t\t<\/div>\n\t\t<\/div>\n\t\t\t\t<div class=\"elementor-element elementor-element-bd85826 elementor-column elementor-col-50 elementor-inner-column\" data-id=\"bd85826\" data-element_type=\"column\">\n\t\t\t<div class=\"elementor-column-wrap  elementor-element-populated\">\n\t\t\t\t\t<div class=\"elementor-widget-wrap\">\n\t\t\t\t<div class=\"elementor-element elementor-element-030e0f7 elementor-widget elementor-widget-text-editor\" data-id=\"030e0f7\" data-element_type=\"widget\" data-widget_type=\"text-editor.default\">\n\t\t\t\t<div class=\"elementor-widget-container\">\n\t\t\t\t\t<div class=\"elementor-text-editor elementor-clearfix\"><p style=\"margin: 0cm 0cm 0.0001pt;\"><font face=\"Arial, sans-serif\" size=\"3\">We are part of the McGahan Lees Irish Dance Academy, which has its roots in the United Kingdom and successfully operates across Europe and Asia \u2013 including Poland, the Czech Republic, and Hong Kong. We offer Irish dance classes for everyone \u2013 from complete beginners to advanced dancers.<\/font><span style=\"font-family: Arial, sans-serif; font-size: medium;\">&nbsp;Rinceoir\u00ed dancers compete under the British school McGahan Lees Academy at international competitions and regularly achieve top rankings. Since 2010, they have also taken part in the World Championships, both in team and solo dances. In 2014 and 2019, eight Rinceoir\u00ed dancers became European Champions in the Senior Ladies Ceil\u00ed category. Since 2009, Rinceoir\u00ed has been organizing the international Irish dance competition Prague Feis, held annually at the end of May.<\/span><\/p><\/div>\n\t\t\t\t<\/div>\n\t\t\t\t<\/div>\n\t\t\t\t\t\t<\/div>\n\t\t\t<\/div>\n\t\t<\/div>\n\t\t\t\t\t\t<\/div>\n\t\t\t<\/div>\n\t\t<\/section>\n\t\t\t\t<section class=\"elementor-element elementor-element-f67ccc9 elementor-section-boxed elementor-section-height-default elementor-section-height-default elementor-invisible elementor-section elementor-inner-section\" data-id=\"f67ccc9\" data-element_type=\"section\" data-settings=\"{&quot;animation&quot;:&quot;fadeIn&quot;}\">\n\t\t\t\t\t\t<div class=\"elementor-container elementor-column-gap-default\">\n\t\t\t\t<div class=\"elementor-row\">\n\t\t\t\t<div class=\"elementor-element elementor-element-fa1af81 elementor-column elementor-col-100 elementor-inner-column\" data-id=\"fa1af81\" data-element_type=\"column\">\n\t\t\t<div class=\"elementor-column-wrap  elementor-element-populated\">\n\t\t\t\t\t<div class=\"elementor-widget-wrap\">\n\t\t\t\t<div class=\"elementor-element elementor-element-463f529 elementor-widget elementor-widget-text-editor\" data-id=\"463f529\" data-element_type=\"widget\" data-settings=\"{&quot;_animation_mobile&quot;:&quot;fadeInUp&quot;}\" data-widget_type=\"text-editor.default\">\n\t\t\t\t<div class=\"elementor-widget-container\">\n\t\t\t\t\t<div class=\"elementor-text-editor elementor-clearfix\"><h3 style=\"text-align: center;\"><span style=\"color: #000000;\">Members<\/span><\/h3><p style=\"text-align: center;\"><span style=\"caret-color: #000000; color: #000000; font-size: 1rem;\">Johana Anto\u0148ov\u00e1, Kl\u00e1ra Babi\u00e1nkov\u00e1,<\/span><span style=\"caret-color: #000000; color: #000000; font-size: 1rem;\">\u00a0<\/span><span style=\"caret-color: #000000; color: #000000; font-size: 1rem;\">Krist\u00fdna Bundilov\u00e1,\u00a0<\/span><span style=\"font-size: 1rem; caret-color: #000000; color: #000000;\">Marie Gavl\u00e1kov\u00e1,\u00a0<\/span><span style=\"color: #000000; font-size: 1rem; caret-color: #000000;\">Julie Hrub\u00e1, Nat\u00e1lie Jaro\u0161ov\u00e1,<\/span><\/p><p style=\"text-align: center;\"><span style=\"color: #000000;\">Pavl\u00edna Knobov\u00e1, Nat\u00e1lie Mlejnsk\u00e1, Anna Nedv\u011bdov\u00e1, Julie Pelantov\u00e1, Be\u00e1ta \u0160ulcov\u00e1<\/span><\/p><\/div>\n\t\t\t\t<\/div>\n\t\t\t\t<\/div>\n\t\t\t\t\t\t<\/div>\n\t\t\t<\/div>\n\t\t<\/div>\n\t\t\t\t\t\t<\/div>\n\t\t\t<\/div>\n\t\t<\/section>\n\t\t\t\t<section class=\"elementor-element elementor-element-47b29df elementor-section-boxed elementor-section-height-default elementor-section-height-default elementor-section elementor-inner-section\" data-id=\"47b29df\" data-element_type=\"section\">\n\t\t\t\t\t\t<div class=\"elementor-container elementor-column-gap-default\">\n\t\t\t\t<div class=\"elementor-row\">\n\t\t\t\t<div class=\"elementor-element elementor-element-224c384 elementor-column elementor-col-100 elementor-inner-column\" data-id=\"224c384\" data-element_type=\"column\">\n\t\t\t<div class=\"elementor-column-wrap  elementor-element-populated\">\n\t\t\t\t\t<div class=\"elementor-widget-wrap\">\n\t\t\t\t<div class=\"elementor-element elementor-element-ea189f1 elementor-widget elementor-widget-divider\" data-id=\"ea189f1\" data-element_type=\"widget\" data-widget_type=\"divider.default\">\n\t\t\t\t<div class=\"elementor-widget-container\">\n\t\t\t\t\t<div class=\"elementor-divider\">\n\t\t\t<span class=\"elementor-divider-separator\">\n\t\t\t\t\t\t<\/span>\n\t\t<\/div>\n\t\t\t\t<\/div>\n\t\t\t\t<\/div>\n\t\t\t\t\t\t<\/div>\n\t\t\t<\/div>\n\t\t<\/div>\n\t\t\t\t\t\t<\/div>\n\t\t\t<\/div>\n\t\t<\/section>\n\t\t\t\t<section class=\"elementor-element elementor-element-5d253d2 elementor-section-boxed elementor-section-height-default elementor-section-height-default elementor-section elementor-inner-section\" data-id=\"5d253d2\" data-element_type=\"section\">\n\t\t\t\t\t\t<div class=\"elementor-container elementor-column-gap-default\">\n\t\t\t\t<div class=\"elementor-row\">\n\t\t\t\t<div class=\"elementor-element elementor-element-35e8470 elementor-column elementor-col-50 elementor-inner-column\" data-id=\"35e8470\" data-element_type=\"column\">\n\t\t\t<div class=\"elementor-column-wrap\">\n\t\t\t\t\t<div class=\"elementor-widget-wrap\">\n\t\t\t\t\t\t<\/div>\n\t\t\t<\/div>\n\t\t<\/div>\n\t\t\t\t<div class=\"elementor-element elementor-element-c5d6175 elementor-column elementor-col-50 elementor-inner-column\" data-id=\"c5d6175\" data-element_type=\"column\">\n\t\t\t<div class=\"elementor-column-wrap\">\n\t\t\t\t\t<div class=\"elementor-widget-wrap\">\n\t\t\t\t\t\t<\/div>\n\t\t\t<\/div>\n\t\t<\/div>\n\t\t\t\t\t\t<\/div>\n\t\t\t<\/div>\n\t\t<\/section>\n\t\t\t\t<div class=\"elementor-element elementor-element-5124114 elementor-widget elementor-widget-spacer\" data-id=\"5124114\" data-element_type=\"widget\" data-widget_type=\"spacer.default\">\n\t\t\t\t<div class=\"elementor-widget-container\">\n\t\t\t\t\t<div class=\"elementor-spacer\">\n\t\t\t<div class=\"elementor-spacer-inner\"><\/div>\n\t\t<\/div>\n\t\t\t\t<\/div>\n\t\t\t\t<\/div>\n\t\t\t\t<section class=\"elementor-element elementor-element-016db32 elementor-section-boxed elementor-section-height-default elementor-section-height-default elementor-section elementor-inner-section\" data-id=\"016db32\" data-element_type=\"section\">\n\t\t\t\t\t\t<div class=\"elementor-container elementor-column-gap-default\">\n\t\t\t\t<div class=\"elementor-row\">\n\t\t\t\t<div class=\"elementor-element elementor-element-c045692 elementor-column elementor-col-100 elementor-inner-column\" data-id=\"c045692\" data-element_type=\"column\">\n\t\t\t<div class=\"elementor-column-wrap  elementor-element-populated\">\n\t\t\t\t\t<div class=\"elementor-widget-wrap\">\n\t\t\t\t<div class=\"elementor-element elementor-element-f035a06 elementor-align-center elementor-widget elementor-widget-button\" data-id=\"f035a06\" data-element_type=\"widget\" data-settings=\"{&quot;_animation_mobile&quot;:&quot;bounce&quot;}\" data-widget_type=\"button.default\">\n\t\t\t\t<div class=\"elementor-widget-container\">\n\t\t\t\t\t<div class=\"elementor-button-wrapper\">\n\t\t\t<a href=\"https:\/\/www.rinceoiri.cz\/en\/kontakt\/\" class=\"elementor-button-link elementor-button elementor-size-xl\" role=\"button\">\n\t\t\t\t\t\t<span class=\"elementor-button-content-wrapper\">\n\t\t\t\t\t\t<span class=\"elementor-button-icon elementor-align-icon-left\">\n\t\t\t\t<i aria-hidden=\"true\" class=\"fas fa-phone-alt\"><\/i>\t\t\t<\/span>\n\t\t\t\t\t\t<span class=\"elementor-button-text\">Contact<\/span>\n\t\t<\/span>\n\t\t\t\t\t<\/a>\n\t\t<\/div>\n\t\t\t\t<\/div>\n\t\t\t\t<\/div>\n\t\t\t\t\t\t<\/div>\n\t\t\t<\/div>\n\t\t<\/div>\n\t\t\t\t\t\t<\/div>\n\t\t\t<\/div>\n\t\t<\/section>\n\t\t\t\t\t\t<\/div>\n\t\t\t<\/div>\n\t\t<\/div>\n\t\t\t\t\t\t<\/div>\n\t\t\t<\/div>\n\t\t<\/section>\n\t\t\t\t\t\t<\/div>\n\t\t\t<\/div>\n\t\t<\/div>","protected":false},"excerpt":{"rendered":"<p>O skupin\u011b Rinceoir\u00ed Rinceoir\u00ed je nejstar\u0161\u00ed klub irsk\u00fdch tanc\u016f v \u010cesk\u00e9 republice. Vznikl v roce 1997 a od t\u00e9 doby se v\u011bnuje \u0161\u00ed\u0159en\u00ed irsk\u00e9 tane\u010dn\u00ed kultury. Samotn\u00fd n\u00e1zev skupiny v p\u0159ekladu z ir\u0161tiny znamen\u00e1 \u201etane\u010dn\u00edci\u201c. \u00a0 Soubor v\u00a0pr\u016fb\u011bhu let vystupoval v\u00a0divadlech, na festivalech i p\u0159i dal\u0161\u00edch kulturn\u00edch akc\u00edch v \u010cesk\u00e9 republice i v jin\u00fdch evropsk\u00fdch [&hellip;]<\/p>","protected":false},"author":1,"featured_media":315,"parent":0,"menu_order":0,"comment_status":"closed","ping_status":"closed","template":"elementor_header_footer","meta":[],"yoast_head":"<!-- This site is optimized with the Yoast SEO plugin v19.6 - https:\/\/yoast.com\/wordpress\/plugins\/seo\/ -->\n<title>O souboru - Rinceoir\u00ed - klub irsk\u00fdch tanc\u016f<\/title>\n<meta name=\"description\" content=\"Rinceoir\u00ed je nejstar\u0161\u00ed klub irsk\u00fdch tanc\u016f v \u010cesk\u00e9 republice. Nab\u00edz\u00ed kurzy irsk\u00fdch tanc\u016f v Praze pro d\u011bti i dosp\u011bl\u00e9 a vystoupen\u00ed na m\u00edru pro va\u0161i akci.\" \/>\n<meta name=\"robots\" content=\"index, follow, max-snippet:-1, max-image-preview:large, max-video-preview:-1\" \/>\n<link rel=\"canonical\" href=\"https:\/\/www.rinceoiri.cz\/en\/\" \/>\n<meta property=\"og:locale\" content=\"en_GB\" \/>\n<meta property=\"og:type\" content=\"article\" \/>\n<meta property=\"og:title\" content=\"O souboru - Rinceoir\u00ed - klub irsk\u00fdch tanc\u016f\" \/>\n<meta property=\"og:description\" content=\"Rinceoir\u00ed je nejstar\u0161\u00ed klub irsk\u00fdch tanc\u016f v \u010cesk\u00e9 republice. Nab\u00edz\u00ed kurzy irsk\u00fdch tanc\u016f v Praze pro d\u011bti i dosp\u011bl\u00e9 a vystoupen\u00ed na m\u00edru pro va\u0161i akci.\" \/>\n<meta property=\"og:url\" content=\"https:\/\/www.rinceoiri.cz\/en\/\" \/>\n<meta property=\"og:site_name\" content=\"Rinceoir\u00ed - klub irsk\u00fdch tanc\u016f\" \/>\n<meta property=\"article:publisher\" content=\"https:\/\/www.facebook.com\/rinceoiri\/\" \/>\n<meta property=\"article:modified_time\" content=\"2025-10-27T17:37:41+00:00\" \/>\n<meta property=\"og:image\" content=\"https:\/\/www.rinceoiri.cz\/wp-content\/uploads\/2020\/05\/5_10_13_fmx_benesov_b_web_sign-2.jpg\" \/>\n\t<meta property=\"og:image:width\" content=\"2000\" \/>\n\t<meta property=\"og:image:height\" content=\"1333\" \/>\n\t<meta property=\"og:image:type\" content=\"image\/jpeg\" \/>\n<meta name=\"twitter:card\" content=\"summary_large_image\" \/>\n<meta name=\"twitter:label1\" content=\"Estimated reading time\" \/>\n\t<meta name=\"twitter:data1\" content=\"3 minutes\" \/>\n<script type=\"application\/ld+json\" class=\"yoast-schema-graph\">{\"@context\":\"https:\/\/schema.org\",\"@graph\":[{\"@type\":\"WebPage\",\"@id\":\"https:\/\/www.rinceoiri.cz\/\",\"url\":\"https:\/\/www.rinceoiri.cz\/\",\"name\":\"O souboru - Rinceoir\u00ed - klub irsk\u00fdch tanc\u016f\",\"isPartOf\":{\"@id\":\"https:\/\/www.rinceoiri.cz\/#website\"},\"datePublished\":\"2020-05-12T11:06:26+00:00\",\"dateModified\":\"2025-10-27T17:37:41+00:00\",\"description\":\"Rinceoir\u00ed je nejstar\u0161\u00ed klub irsk\u00fdch tanc\u016f v \u010cesk\u00e9 republice. Nab\u00edz\u00ed kurzy irsk\u00fdch tanc\u016f v Praze pro d\u011bti i dosp\u011bl\u00e9 a vystoupen\u00ed na m\u00edru pro va\u0161i akci.\",\"breadcrumb\":{\"@id\":\"https:\/\/www.rinceoiri.cz\/#breadcrumb\"},\"inLanguage\":\"en-GB\",\"potentialAction\":[{\"@type\":\"ReadAction\",\"target\":[\"https:\/\/www.rinceoiri.cz\/\"]}]},{\"@type\":\"BreadcrumbList\",\"@id\":\"https:\/\/www.rinceoiri.cz\/#breadcrumb\",\"itemListElement\":[{\"@type\":\"ListItem\",\"position\":1,\"name\":\"Dom\u016f\",\"item\":\"https:\/\/www.rinceoiri.cz\/\"},{\"@type\":\"ListItem\",\"position\":2,\"name\":\"O souboru\"}]},{\"@type\":\"WebSite\",\"@id\":\"https:\/\/www.rinceoiri.cz\/#website\",\"url\":\"https:\/\/www.rinceoiri.cz\/\",\"name\":\"Rinceoir\u00ed - klub irsk\u00fdch tanc\u016f\",\"description\":\"V\u00fduka irsk\u00fdch tanc\u016f, irsk\u00e9 tance - nab\u00eddka vystoupen\u00ed\",\"publisher\":{\"@id\":\"https:\/\/www.rinceoiri.cz\/#organization\"},\"potentialAction\":[{\"@type\":\"SearchAction\",\"target\":{\"@type\":\"EntryPoint\",\"urlTemplate\":\"https:\/\/www.rinceoiri.cz\/?s={search_term_string}\"},\"query-input\":\"required name=search_term_string\"}],\"inLanguage\":\"en-GB\"},{\"@type\":\"Organization\",\"@id\":\"https:\/\/www.rinceoiri.cz\/#organization\",\"name\":\"Rinceoir\u00ed\",\"url\":\"https:\/\/www.rinceoiri.cz\/\",\"sameAs\":[\"https:\/\/www.instagram.com\/rinceoiri\/\",\"https:\/\/www.youtube.com\/channel\/UCtSffFpv2_EKMMuwlOJynnA\",\"https:\/\/www.facebook.com\/rinceoiri\/\"],\"logo\":{\"@type\":\"ImageObject\",\"inLanguage\":\"en-GB\",\"@id\":\"https:\/\/www.rinceoiri.cz\/#\/schema\/logo\/image\/\",\"url\":\"https:\/\/www.rinceoiri.cz\/wp-content\/uploads\/2020\/06\/Logo-Rince-bez-pozadi_cerne-e1591875742917.png\",\"contentUrl\":\"https:\/\/www.rinceoiri.cz\/wp-content\/uploads\/2020\/06\/Logo-Rince-bez-pozadi_cerne-e1591875742917.png\",\"width\":400,\"height\":87,\"caption\":\"Rinceoir\u00ed\"},\"image\":{\"@id\":\"https:\/\/www.rinceoiri.cz\/#\/schema\/logo\/image\/\"}}]}<\/script>\n<!-- \/ Yoast SEO plugin. -->","yoast_head_json":{"title":"O souboru - Rinceoir\u00ed - klub irsk\u00fdch tanc\u016f","description":"Rinceoir\u00ed je nejstar\u0161\u00ed klub irsk\u00fdch tanc\u016f v \u010cesk\u00e9 republice. Nab\u00edz\u00ed kurzy irsk\u00fdch tanc\u016f v Praze pro d\u011bti i dosp\u011bl\u00e9 a vystoupen\u00ed na m\u00edru pro va\u0161i akci.","robots":{"index":"index","follow":"follow","max-snippet":"max-snippet:-1","max-image-preview":"max-image-preview:large","max-video-preview":"max-video-preview:-1"},"canonical":"https:\/\/www.rinceoiri.cz\/en\/","og_locale":"en_GB","og_type":"article","og_title":"O souboru - Rinceoir\u00ed - klub irsk\u00fdch tanc\u016f","og_description":"Rinceoir\u00ed je nejstar\u0161\u00ed klub irsk\u00fdch tanc\u016f v \u010cesk\u00e9 republice. Nab\u00edz\u00ed kurzy irsk\u00fdch tanc\u016f v Praze pro d\u011bti i dosp\u011bl\u00e9 a vystoupen\u00ed na m\u00edru pro va\u0161i akci.","og_url":"https:\/\/www.rinceoiri.cz\/en\/","og_site_name":"Rinceoir\u00ed - klub irsk\u00fdch tanc\u016f","article_publisher":"https:\/\/www.facebook.com\/rinceoiri\/","article_modified_time":"2025-10-27T17:37:41+00:00","og_image":[{"width":2000,"height":1333,"url":"https:\/\/www.rinceoiri.cz\/wp-content\/uploads\/2020\/05\/5_10_13_fmx_benesov_b_web_sign-2.jpg","type":"image\/jpeg"}],"twitter_card":"summary_large_image","twitter_misc":{"Estimated reading time":"3 minutes"},"schema":{"@context":"https:\/\/schema.org","@graph":[{"@type":"WebPage","@id":"https:\/\/www.rinceoiri.cz\/","url":"https:\/\/www.rinceoiri.cz\/","name":"O souboru - Rinceoir\u00ed - klub irsk\u00fdch tanc\u016f","isPartOf":{"@id":"https:\/\/www.rinceoiri.cz\/#website"},"datePublished":"2020-05-12T11:06:26+00:00","dateModified":"2025-10-27T17:37:41+00:00","description":"Rinceoir\u00ed je nejstar\u0161\u00ed klub irsk\u00fdch tanc\u016f v \u010cesk\u00e9 republice. Nab\u00edz\u00ed kurzy irsk\u00fdch tanc\u016f v Praze pro d\u011bti i dosp\u011bl\u00e9 a vystoupen\u00ed na m\u00edru pro va\u0161i akci.","breadcrumb":{"@id":"https:\/\/www.rinceoiri.cz\/#breadcrumb"},"inLanguage":"en-GB","potentialAction":[{"@type":"ReadAction","target":["https:\/\/www.rinceoiri.cz\/"]}]},{"@type":"BreadcrumbList","@id":"https:\/\/www.rinceoiri.cz\/#breadcrumb","itemListElement":[{"@type":"ListItem","position":1,"name":"Dom\u016f","item":"https:\/\/www.rinceoiri.cz\/"},{"@type":"ListItem","position":2,"name":"O souboru"}]},{"@type":"WebSite","@id":"https:\/\/www.rinceoiri.cz\/#website","url":"https:\/\/www.rinceoiri.cz\/","name":"Rinceoir\u00ed - klub irsk\u00fdch tanc\u016f","description":"V\u00fduka irsk\u00fdch tanc\u016f, irsk\u00e9 tance - nab\u00eddka vystoupen\u00ed","publisher":{"@id":"https:\/\/www.rinceoiri.cz\/#organization"},"potentialAction":[{"@type":"SearchAction","target":{"@type":"EntryPoint","urlTemplate":"https:\/\/www.rinceoiri.cz\/?s={search_term_string}"},"query-input":"required name=search_term_string"}],"inLanguage":"en-GB"},{"@type":"Organization","@id":"https:\/\/www.rinceoiri.cz\/#organization","name":"Rinceoir\u00ed","url":"https:\/\/www.rinceoiri.cz\/","sameAs":["https:\/\/www.instagram.com\/rinceoiri\/","https:\/\/www.youtube.com\/channel\/UCtSffFpv2_EKMMuwlOJynnA","https:\/\/www.facebook.com\/rinceoiri\/"],"logo":{"@type":"ImageObject","inLanguage":"en-GB","@id":"https:\/\/www.rinceoiri.cz\/#\/schema\/logo\/image\/","url":"https:\/\/www.rinceoiri.cz\/wp-content\/uploads\/2020\/06\/Logo-Rince-bez-pozadi_cerne-e1591875742917.png","contentUrl":"https:\/\/www.rinceoiri.cz\/wp-content\/uploads\/2020\/06\/Logo-Rince-bez-pozadi_cerne-e1591875742917.png","width":400,"height":87,"caption":"Rinceoir\u00ed"},"image":{"@id":"https:\/\/www.rinceoiri.cz\/#\/schema\/logo\/image\/"}}]}},"_links":{"self":[{"href":"https:\/\/www.rinceoiri.cz\/en\/wp-json\/wp\/v2\/pages\/92"}],"collection":[{"href":"https:\/\/www.rinceoiri.cz\/en\/wp-json\/wp\/v2\/pages"}],"about":[{"href":"https:\/\/www.rinceoiri.cz\/en\/wp-json\/wp\/v2\/types\/page"}],"author":[{"embeddable":true,"href":"https:\/\/www.rinceoiri.cz\/en\/wp-json\/wp\/v2\/users\/1"}],"replies":[{"embeddable":true,"href":"https:\/\/www.rinceoiri.cz\/en\/wp-json\/wp\/v2\/comments?post=92"}],"version-history":[{"count":128,"href":"https:\/\/www.rinceoiri.cz\/en\/wp-json\/wp\/v2\/pages\/92\/revisions"}],"predecessor-version":[{"id":2123,"href":"https:\/\/www.rinceoiri.cz\/en\/wp-json\/wp\/v2\/pages\/92\/revisions\/2123"}],"wp:featuredmedia":[{"embeddable":true,"href":"https:\/\/www.rinceoiri.cz\/en\/wp-json\/wp\/v2\/media\/315"}],"wp:attachment":[{"href":"https:\/\/www.rinceoiri.cz\/en\/wp-json\/wp\/v2\/media?parent=92"}],"curies":[{"name":"wp","href":"https:\/\/api.w.org\/{rel}","templated":true}]}}